{"id":2,"date":"2025-02-26T14:43:46","date_gmt":"2025-02-26T14:43:46","guid":{"rendered":"https:\/\/alujasproactive.com\/?page_id=2"},"modified":"2025-03-07T05:35:34","modified_gmt":"2025-03-07T05:35:34","slug":"sample-page","status":"publish","type":"page","link":"https:\/\/alujasproactive.com\/?page_id=2","title":{"rendered":"Qui\u00e9nes Somos"},"content":{"rendered":"\n<div class=\"wp-block-media-text is-stacked-on-mobile\"><figure class=\"wp-block-media-text__media\"><img loading=\"lazy\" decoding=\"async\" width=\"995\" height=\"1383\" src=\"https:\/\/alujasproactive.com\/wp-content\/uploads\/2025\/02\/PHOTO-2025-02-19-18-05-19.jpg\" alt=\"\" class=\"wp-image-19 size-full\" srcset=\"https:\/\/alujasproactive.com\/wp-content\/uploads\/2025\/02\/PHOTO-2025-02-19-18-05-19.jpg 995w, https:\/\/alujasproactive.com\/wp-content\/uploads\/2025\/02\/PHOTO-2025-02-19-18-05-19-216x300.jpg 216w, https:\/\/alujasproactive.com\/wp-content\/uploads\/2025\/02\/PHOTO-2025-02-19-18-05-19-737x1024.jpg 737w, https:\/\/alujasproactive.com\/wp-content\/uploads\/2025\/02\/PHOTO-2025-02-19-18-05-19-768x1067.jpg 768w\" sizes=\"auto, (max-width: 995px) 100vw, 995px\" \/><\/figure><div class=\"wp-block-media-text__content\">\n<p><\/p>\n<\/div><\/div>\n\n\n\n<p class=\"has-contrast-color has-text-color has-link-color wp-elements-960bbb3eb9b587870164980b9c8002a2\">Vicen\u00e7 Alujas:  Soci\u00f3logo, psic\u00f3logo, m\u00e1ster en psicolog\u00eda cl\u00ednica y en desarrollo personal y liderazgo, grado en criminolog\u00eda por la\u00a0\u00a0Universidad de Barcelona. Durante 20 a\u00f1os ejerc\u00ed como Coordinador de la Unidad Hospitalaria Psiqui\u00e1trica Penitenciaria de Catalu\u00f1a.<\/p>\n\n\n\n<p class=\"has-contrast-color has-text-color has-link-color wp-elements-044f86c6b67253fd4c4b9af06206b30e\">Soy titulado en Meditaci\u00f3n Mindfulness en la Universidad Internacional de Valencia, y tengo una larga experiencia profesional como profesor-formador que compagino con mi gran pasi\u00f3n: ayudar a los dem\u00e1s mediante la meditaci\u00f3n, el acompa\u00f1amiento y el desarrollo personal. Ejerzo como facilitador en motivaci\u00f3n y determinaci\u00f3n en diferentes fundaciones, asociaciones y actos solidarios.<\/p>\n\n\n\n<p class=\"has-contrast-color has-text-color has-link-color wp-elements-7d201f4a463bd550cfd66eb13b940c94\">Conferenciante, creador y divulgador de la Meditaci\u00f3n Inmediata y del desarrollo personal, he colaborado con las empresas m\u00e1s importantes del planeta. Escrib\u00ed esta obra para dar a conocer a todo el mundo la sencillez de esta meditaci\u00f3n, as\u00ed como los extraordinarios resultados que se obtienen en poco tiempo. Una soluci\u00f3n pr\u00e1ctica y a la vez simple, para acabar con los problemas que producen \u201catascos\u201d en la mente.<\/p>\n\n\n\n<p class=\"has-contrast-color has-text-color has-link-color wp-elements-e7428469fb90c8b3f057b76cee90f4fd\">Colaboro en medios de comunicaci\u00f3n como radio y televisi\u00f3n y adem\u00e1s realizo un podcast llamado <strong><a href=\"https:\/\/open.spotify.com\/show\/2MGB62unHkiZbsJPkjlZyt?si=7363ad82c369492d\">\u00abSanando el Coco\u00bb<\/a><\/strong> con la presentadora <strong><a href=\"https:\/\/www.elenabatista.com\">Elena Batista<\/a><\/strong>, en el que hablamos sobre la salud mental y c\u00f3mo superar la ansiedad y la depresi\u00f3n.<\/p>\n\n\n\n<div class=\"wp-block-media-text has-media-on-the-right is-stacked-on-mobile\"><div class=\"wp-block-media-text__content\">\n<p><\/p>\n<\/div><figure class=\"wp-block-media-text__media\"><img loading=\"lazy\" decoding=\"async\" width=\"768\" height=\"1024\" src=\"https:\/\/alujasproactive.com\/wp-content\/uploads\/2025\/03\/foto_alicia-768x1024.jpg\" alt=\"\" class=\"wp-image-49 size-full\" srcset=\"https:\/\/alujasproactive.com\/wp-content\/uploads\/2025\/03\/foto_alicia-768x1024.jpg 768w, https:\/\/alujasproactive.com\/wp-content\/uploads\/2025\/03\/foto_alicia-225x300.jpg 225w, https:\/\/alujasproactive.com\/wp-content\/uploads\/2025\/03\/foto_alicia-1152x1536.jpg 1152w, https:\/\/alujasproactive.com\/wp-content\/uploads\/2025\/03\/foto_alicia-1536x2048.jpg 1536w, https:\/\/alujasproactive.com\/wp-content\/uploads\/2025\/03\/foto_alicia-scaled.jpg 1920w\" sizes=\"auto, (max-width: 768px) 100vw, 768px\" \/><\/figure><\/div>\n\n\n\n<p class=\"has-contrast-color has-text-color has-link-color wp-elements-5ec2b83f491396f8a14b4c1c1ce08f27\">Alicia Alujas:  Soci\u00f3loga con un Master en Gesti\u00f3n Empresarial y especializada en el mundo del dato. Con una trayectoria en las principales consultoras globales, he acompa\u00f1ado y acompa\u00f1o a empresas en la organizaci\u00f3n y gesti\u00f3n eficiente de sus datos. <\/p>\n\n\n\n<p class=\"has-contrast-color has-text-color has-link-color wp-elements-9ada0c3f3f3eb1d82988667ecc30808a\">Adem\u00e1s, imparto conferencias dirigidas a empresas, las cuales est\u00e1n centradas en maximizar el valor del dato y en c\u00f3mo su correcta gesti\u00f3n impacta tanto en el negocio como en el bienestar de los empleados. Para ello, utilizo herramientas clave como la motivaci\u00f3n, la determinaci\u00f3n y una actitud positiva.<\/p>\n","protected":false},"excerpt":{"rendered":"<p>Vicen\u00e7 Alujas: Soci\u00f3logo, psic\u00f3logo, m\u00e1ster en psicolog\u00eda cl\u00ednica y en desarrollo personal y liderazgo, grado en criminolog\u00eda por la\u00a0\u00a0Universidad de Barcelona. Durante 20 a\u00f1os ejerc\u00ed como Coordinador de la Unidad Hospitalaria Psiqui\u00e1trica Penitenciaria de Catalu\u00f1a. Soy titulado en Meditaci\u00f3n Mindfulness en la Universidad Internacional de Valencia, y tengo una larga experiencia profesional como profesor-formador que [&hellip;]<\/p>\n","protected":false},"author":1,"featured_media":0,"parent":0,"menu_order":1,"comment_status":"closed","ping_status":"closed","template":"","meta":{"footnotes":""},"class_list":["post-2","page","type-page","status-publish","hentry"],"_links":{"self":[{"href":"https:\/\/alujasproactive.com\/index.php?rest_route=\/wp\/v2\/pages\/2","targetHints":{"allow":["GET"]}}],"collection":[{"href":"https:\/\/alujasproactive.com\/index.php?rest_route=\/wp\/v2\/pages"}],"about":[{"href":"https:\/\/alujasproactive.com\/index.php?rest_route=\/wp\/v2\/types\/page"}],"author":[{"embeddable":true,"href":"https:\/\/alujasproactive.com\/index.php?rest_route=\/wp\/v2\/users\/1"}],"replies":[{"embeddable":true,"href":"https:\/\/alujasproactive.com\/index.php?rest_route=%2Fwp%2Fv2%2Fcomments&post=2"}],"version-history":[{"count":5,"href":"https:\/\/alujasproactive.com\/index.php?rest_route=\/wp\/v2\/pages\/2\/revisions"}],"predecessor-version":[{"id":51,"href":"https:\/\/alujasproactive.com\/index.php?rest_route=\/wp\/v2\/pages\/2\/revisions\/51"}],"wp:attachment":[{"href":"https:\/\/alujasproactive.com\/index.php?rest_route=%2Fwp%2Fv2%2Fmedia&parent=2"}],"curies":[{"name":"wp","href":"https:\/\/api.w.org\/{rel}","templated":true}]}}